{"id":99,"date":"2025-09-29T19:17:59","date_gmt":"2025-09-29T22:17:59","guid":{"rendered":"https:\/\/bandmateproject.com\/?page_id=99"},"modified":"2025-09-29T20:15:02","modified_gmt":"2025-09-29T23:15:02","slug":"informe-de-avance-ii","status":"publish","type":"page","link":"https:\/\/bandmateproject.com\/?page_id=99","title":{"rendered":"Informe de Avance (II)"},"content":{"rendered":"\n<p>Puesta a punto de las \u00faltimas instancias del proyecto<\/p>\n\n\n\n<p>Para este segundo informe de avance detallaremos el trabajo realizado en el mes transcurrido , los inconvenientes que nos encontramos y las soluciones que fuimos manejando con el proyecto Bandmate. Como en el anterior informe esta todo mas detallado en su respectiva entrada en la pagina principal.<\/p>\n\n\n\n<p><strong>Como en el informe anterior<em>: Para ver un avance m\u00e1s en detalle revisar los apartados de \u00ab+ Informaci\u00f3n\u00bb, donde se detalla de manera mas exhaustiva cada avance, no solo de manera escrita, sino que con im\u00e1genes, videos, c\u00f3digo e incluso diagramas en TinkerCAD.<\/em><\/strong><\/p>\n\n\n\n<p> <\/p>\n\n\n\n<p>  <strong>05\/09<\/strong>\/<strong>2025<\/strong> <strong>Frequency Detection o ArduinoFFT<\/strong> <a href=\"https:\/\/bandmateproject.com\/?p=58\" data-type=\"link\" data-id=\"https:\/\/bandmateproject.com\/?p=58\">(+ Informaci\u00f3n) <\/a><\/p>\n\n\n\n<p>El primer inconveniente que nos encontramos fue que librer\u00eda de arduino usar para poder captar las notas. entre todas ellas comenzamos haciendo pruebas con Frequency Detection pero terminamos decant\u00e1ndonos por la librer\u00eda ArduinoFFT que nos brindo mejores resultados en el momento.<\/p>\n\n\n\n<p><\/p>\n\n\n\n<p><\/p>\n\n\n\n<p><\/p>\n\n\n\n<p><strong>12\/09\/2025<\/strong> <strong>M\u00f3dulos de micr\u00f3fono KY037 o MAX9814<\/strong> <a href=\"https:\/\/bandmateproject.com\/?p=60\">(+ Informaci\u00f3n)<\/a><\/p>\n\n\n\n<p>En esta instancia nos vimos con la problem\u00e1tica de que el modulo KY037 no estaba funcionando de la manera que est\u00e1bamos esperando ni que requer\u00edamos para el proyecto, dejando entrever que no iba a ser posible usarlo de manera que funcione de la manera en la que ten\u00edamos pensado. Encontrando en el modulo MAX9814 una opci\u00f3n prometedora para dicha problem\u00e1tica. <\/p>\n\n\n\n<p><strong>19\/09\/2025 Consiguiendo el MAX9814<\/strong><a href=\"https:\/\/bandmateproject.com\/?p=111\">(+Informaci\u00f3n)<\/a><\/p>\n\n\n\n<p>Dadas las problem\u00e1ticas anteriormente mencionadas llegamos a la decisi\u00f3n de adquirir el modulo MAX9814. <\/p>\n\n\n\n<p><\/p>\n\n\n\n<p><strong>26\/09\/2025 Comparativa de micr\u00f3fonos: Elecci\u00f3n del MAX9814 frente al KY-037<\/strong><a href=\"https:\/\/bandmateproject.com\/?p=87\">(+Informaci\u00f3n)<\/a><\/p>\n\n\n\n<p><strong>                    Puesta a punto y pruebas con el modulo MAX9814<\/strong><a href=\"https:\/\/bandmateproject.com\/?p=89\">(+Informaci\u00f3n)<\/a><\/p>\n\n\n\n<p>En esta oportunidad pusimos a prueba ambos m\u00f3dulos de forma f\u00edsica para hacer las pruebas necesarias para asegurarnos que el nuevo modulo funciona como est\u00e1bamos esperando. Resultando en un rotundo \u00e9xito confirmando que efectivamente con este nuevo componente podemos seguir adelante con el proyecto.<\/p>\n\n\n\n<p><strong>Notas Adicionales <\/strong><a href=\"https:\/\/bandmateproject.com\/?p=94\">(+Informaci\u00f3n)<\/a><\/p>\n\n\n\n<p>Dadas las problem\u00e1ticas que acarreamos en este mes surgieron algunas dudas que tuvimos que plantearnos seriamente. La primera de todas fue en sentido al modulo que intentamos utilizar en primera instancia dando unos resultados que no eran los deseados. Pero gracias a esa problem\u00e1tica y luego de debatirlo nos preguntamos si era correcto seguir con la idea de medir las notas en base a la frecuencia , lo que nos llevo a pensar en la posibilidad de tomar los datos de una forma diferente , dej\u00e1ndonos con la idea de en vez de usar sensores de frecuencia usar sensores para medir las vibraciones dando un cambio de paradigma en lo que se respecta a la base del proyecto. Estas ideas ser\u00e1n planteadas y puestas a prueba en el siguiente mes. dej\u00e1ndonos entusiasmados gracias a que seguramente tendremos variantes para el proyecto <\/p>\n\n\n\n<p><\/p>\n","protected":false},"excerpt":{"rendered":"<p>Puesta a punto de las \u00faltimas instancias del proyecto Para este segundo informe de avance detallaremos el trabajo realizado en el mes transcurrido , los inconvenientes que nos encontramos y las soluciones que fuimos manejando con el proyecto Bandmate. Como en el anterior informe esta todo mas detallado en su respectiva entrada en la pagina [&hellip;]<\/p>\n","protected":false},"author":4,"featured_media":0,"parent":0,"menu_order":0,"comment_status":"closed","ping_status":"closed","template":"","meta":{"site-container-style":"default","site-container-layout":"default","site-sidebar-layout":"default","disable-article-header":"default","disable-site-header":"default","disable-site-footer":"default","disable-content-area-spacing":"default","footnotes":""},"class_list":["post-99","page","type-page","status-publish","hentry"],"_links":{"self":[{"href":"https:\/\/bandmateproject.com\/index.php?rest_route=\/wp\/v2\/pages\/99","targetHints":{"allow":["GET"]}}],"collection":[{"href":"https:\/\/bandmateproject.com\/index.php?rest_route=\/wp\/v2\/pages"}],"about":[{"href":"https:\/\/bandmateproject.com\/index.php?rest_route=\/wp\/v2\/types\/page"}],"author":[{"embeddable":true,"href":"https:\/\/bandmateproject.com\/index.php?rest_route=\/wp\/v2\/users\/4"}],"replies":[{"embeddable":true,"href":"https:\/\/bandmateproject.com\/index.php?rest_route=%2Fwp%2Fv2%2Fcomments&post=99"}],"version-history":[{"count":4,"href":"https:\/\/bandmateproject.com\/index.php?rest_route=\/wp\/v2\/pages\/99\/revisions"}],"predecessor-version":[{"id":120,"href":"https:\/\/bandmateproject.com\/index.php?rest_route=\/wp\/v2\/pages\/99\/revisions\/120"}],"wp:attachment":[{"href":"https:\/\/bandmateproject.com\/index.php?rest_route=%2Fwp%2Fv2%2Fmedia&parent=99"}],"curies":[{"name":"wp","href":"https:\/\/api.w.org\/{rel}","templated":true}]}}