{"id":45,"date":"2025-09-08T00:07:34","date_gmt":"2025-09-08T03:07:34","guid":{"rendered":"https:\/\/bandmateproject.com\/?page_id=45"},"modified":"2025-09-08T00:17:00","modified_gmt":"2025-09-08T03:17:00","slug":"informe-de-avance-i","status":"publish","type":"page","link":"https:\/\/bandmateproject.com\/?page_id=45","title":{"rendered":"Informe de Avance (I)"},"content":{"rendered":"\n<p>El presente informe detallara el trayecto por el que paso este proyecto desde el inicio hasta el d\u00eda de la fecha (31\/08\/2025). Pasando primeramente por la conformaci\u00f3n del grupo, determinaci\u00f3n de objetivos para este proyecto, creaci\u00f3n del Sitio Web del mismo y los m\u00e1s importante el registro de avances sobre los \u00faltimos 2 puntos.<\/p>\n\n\n\n<p class=\"has-yuki-font-small-font-size\"><em><strong><span style=\"text-decoration: underline;\">Nota: Para ver un avance m\u00e1s en detalle revisar los apartados de \u00ab+ Informaci\u00f3n\u00bb, donde se detalla de manera mas exhaustiva cada avance, no solo de manera escrita, sino que con im\u00e1genes, videos, c\u00f3digo e incluso diagramas en TinkerCAD.<\/span><\/strong><\/em><\/p>\n\n\n\n<p class=\"has-yuki-font-medium-font-size\"><strong>08\/08\/2025 Inicio del Proyecto(<\/strong><a href=\"https:\/\/bandmateproject.com\/?p=7\">+ Informaci\u00f3n<\/a><strong>)<\/strong>:<\/p>\n\n\n\n<p>El 8 de Agosto, nos dedicamos a determinar nuestro grupo el cual consta de 4 integrantes, <strong>Ra\u00fal Vidal, Hern\u00e1n Dar\u00edo Sierra, Tabar\u00e9 Maciel y Ezequiel Valiunas.<\/strong><\/p>\n\n\n\n<p>El proyecto se enfocara en el dise\u00f1o y construcci\u00f3n de un dispositivo electr\u00f3nico destinado a la afinaci\u00f3n precisa de instrumentos musicales. En su fase inicial, el proyecto se enfocar\u00e1 espec\u00edficamente en la guitarra, utilizando algoritmos de procesamiento de se\u00f1al para detectar la frecuencia fundamental de cada cuerda y compararla con los valores de referencia estandarizados.<\/p>\n\n\n\n<p class=\"has-yuki-font-medium-font-size\"><strong>15\/08\/2025 Determinaci\u00f3n de P\u00e1gina Web y Prueba de Placa Arduino (<\/strong><a href=\"https:\/\/bandmateproject.com\/?p=16\">+ Informaci\u00f3n<\/a><strong>)<\/strong>:<\/p>\n\n\n\n<p>El 15 de Agosto, Se realizaron la primeras tareas relevantes al Proyecto y principalmente a esta primera entrega. Se estableci\u00f3 la pagina web (En la que te encuentras leyendo este informe), el almacenamiento de los datos relevantes a este sitio (Como Im\u00e1genes, texto y dem\u00e1s informaci\u00f3n).<\/p>\n\n\n\n<p>Luego de esto, Hern\u00e1n consigui\u00f3 un Arduino y un sensor de sonido en Eneka. Los trajo a clase hoy, y Ezequiel, Hern\u00e1n y yo (Tabar\u00e9), realizamos la configuraci\u00f3n y una prueba r\u00e1pida de la placa conectada a una computadora (En este caso, la configuramos en la Notebook del propio Hern\u00e1n).<\/p>\n\n\n\n<p>La configuraci\u00f3n y la prueba consisti\u00f3 en instalar el IDE de Arduino (Arduino IDE), instalar los drivers que vienen con este y luego de esto conectar el Arduino a la Notebook y verificar que el Entorno de Desarrollo detecta la placa.<\/p>\n\n\n\n<p class=\"has-yuki-font-medium-font-size\"><strong>22\/08\/2025 Aprendiendo a Utilizar el Arduino (<a href=\"https:\/\/bandmateproject.com\/?p=38\">+ Informaci\u00f3n<\/a>)<\/strong>:<\/p>\n\n\n\n<p>El 22 de Agosto pusimos en practica la utilizaci\u00f3n de Arduino a trav\u00e9s de la realizaci\u00f3n de ejercicios simples, los cuales consisten en los siguientes:<\/p>\n\n\n\n<ol class=\"wp-block-list\">\n<li><strong>Controlar un LED<\/strong><\/li>\n\n\n\n<li><strong>Semaforo LED<\/strong><\/li>\n\n\n\n<li><strong>Controlar un LED (Entrada Anal\u00f3gica)<\/strong><\/li>\n\n\n\n<li><strong>Controlar LED (Con Boton)<\/strong><\/li>\n\n\n\n<li><strong>Practica C\u00f3digo Morse<\/strong><\/li>\n\n\n\n<li><strong>Prueba de Sonido (Buzzer)<\/strong><\/li>\n<\/ol>\n\n\n\n<p>Luego de estos ejercicios decidimos poner en practica, la aplicaci\u00f3n del Sensor de Sonido (<a href=\"https:\/\/bandmateproject.com\/?p=10\">KY-037<\/a>).<\/p>\n\n\n\n<p>De esta manera hemos cubierto las bases para entender como funciona la placa en la que basaremos nuestro proyecto. Todav\u00eda nos queda mucho por aprender. Pero las bases de como trabajar con Arduino las tenemos.<\/p>\n\n\n\n<p class=\"has-yuki-font-medium-font-size\"><strong>29\/08\/2025 Puesta a Punto de la Pagina web(<a href=\"https:\/\/bandmateproject.com\/?p=40\">+ Informaci\u00f3n<\/a>):<\/strong><\/p>\n\n\n\n<p>El 29 de Agosto, nos propusimos como objetivo la restructuraci\u00f3n de la pagina d\u00e1ndole tanto una mejora visual como operativa dejando la web mucho mas atractiva e intuitiva , ya pronta para realizar la primer entrega que se basa en la web en si y sus respectivos informes de avance que hemos ido subiendo desde el comienzo del proyecto.<\/p>\n\n\n\n<p>Tambi\u00e9n decidimos el nombre luego de un proceso de votaci\u00f3n entre los integrantes , decant\u00e1ndonos por el nombre \u00abBandmate\u00bb siendo un nombre corto, conciso y que suena amigable .<\/p>\n\n\n\n<p>Seguimos haciendo pruebas con el sensor de sonido y capturando datos para ir ayornandonos con el. Decidimos que en esta jornada dedicar\u00edamos a pulir lo que podamos en la web para que en la instancia de entrega sea del suficiente agrado de todos, que su accesibilidad sea sencilla y facil de acceder y entender el fin de este proyecto.<\/p>\n\n\n\n<p>Dejamos a su vez en el tintero la idea de dise\u00f1arle un logo para que sea mas llamativo aunque por el momento no hemos podido llegar a un cu\u00f3rum.<\/p>\n","protected":false},"excerpt":{"rendered":"<p>El presente informe detallara el trayecto por el que paso este proyecto desde el inicio hasta el d\u00eda de la fecha (31\/08\/2025). Pasando primeramente por la conformaci\u00f3n del grupo, determinaci\u00f3n de objetivos para este proyecto, creaci\u00f3n del Sitio Web del mismo y los m\u00e1s importante el registro de avances sobre los \u00faltimos 2 puntos. Nota: [&hellip;]<\/p>\n","protected":false},"author":2,"featured_media":0,"parent":0,"menu_order":0,"comment_status":"closed","ping_status":"closed","template":"","meta":{"site-container-style":"default","site-container-layout":"default","site-sidebar-layout":"default","disable-article-header":"default","disable-site-header":"default","disable-site-footer":"default","disable-content-area-spacing":"default","footnotes":""},"class_list":["post-45","page","type-page","status-publish","hentry"],"_links":{"self":[{"href":"https:\/\/bandmateproject.com\/index.php?rest_route=\/wp\/v2\/pages\/45","targetHints":{"allow":["GET"]}}],"collection":[{"href":"https:\/\/bandmateproject.com\/index.php?rest_route=\/wp\/v2\/pages"}],"about":[{"href":"https:\/\/bandmateproject.com\/index.php?rest_route=\/wp\/v2\/types\/page"}],"author":[{"embeddable":true,"href":"https:\/\/bandmateproject.com\/index.php?rest_route=\/wp\/v2\/users\/2"}],"replies":[{"embeddable":true,"href":"https:\/\/bandmateproject.com\/index.php?rest_route=%2Fwp%2Fv2%2Fcomments&post=45"}],"version-history":[{"count":3,"href":"https:\/\/bandmateproject.com\/index.php?rest_route=\/wp\/v2\/pages\/45\/revisions"}],"predecessor-version":[{"id":49,"href":"https:\/\/bandmateproject.com\/index.php?rest_route=\/wp\/v2\/pages\/45\/revisions\/49"}],"wp:attachment":[{"href":"https:\/\/bandmateproject.com\/index.php?rest_route=%2Fwp%2Fv2%2Fmedia&parent=45"}],"curies":[{"name":"wp","href":"https:\/\/api.w.org\/{rel}","templated":true}]}}