{"id":43,"date":"2025-09-08T00:06:03","date_gmt":"2025-09-08T03:06:03","guid":{"rendered":"https:\/\/bandmateproject.com\/?page_id=43"},"modified":"2025-09-08T00:06:03","modified_gmt":"2025-09-08T03:06:03","slug":"acerca-de","status":"publish","type":"page","link":"https:\/\/bandmateproject.com\/?page_id=43","title":{"rendered":"Acerca De"},"content":{"rendered":"\n<h1 class=\"wp-block-heading\"><br>Acerca De<\/h1>\n\n\n\n<p id=\"block-06c7c2e9-f3e9-4e13-88a4-1f405b448212\">El presente sitio re\u00fane y documenta el conjunto de actividades desarrolladas en el marco del proyecto seleccionado por equipos del grupo <strong>TD2<\/strong> del <strong>Instituto Tecnol\u00f3gico de Inform\u00e1tica (ITI)<\/strong>, en el contexto de la asignatura <strong>STEAM+<\/strong> dictada por el Profesor Daniel Jaramillo. Su prop\u00f3sito es centralizar los avances, resultados y materiales generados durante el proceso de investigaci\u00f3n y desarrollo, ofreciendo un espacio organizado donde se reflejan tanto los aspectos t\u00e9cnicos como las instancias creativas y colaborativas del trabajo en equipo. De esta manera, el sitio no solo funciona como repositorio acad\u00e9mico, sino tambi\u00e9n como una herramienta de comunicaci\u00f3n y difusi\u00f3n de las capacidades adquiridas en la integraci\u00f3n de ciencia, tecnolog\u00eda, ingenier\u00eda, arte y matem\u00e1ticas<\/p>\n","protected":false},"excerpt":{"rendered":"<p>Acerca De El presente sitio re\u00fane y documenta el conjunto de actividades desarrolladas en el marco del proyecto seleccionado por equipos del grupo TD2 del Instituto Tecnol\u00f3gico de Inform\u00e1tica (ITI), en el contexto de la asignatura STEAM+ dictada por el Profesor Daniel Jaramillo. Su prop\u00f3sito es centralizar los avances, resultados y materiales generados durante el [&hellip;]<\/p>\n","protected":false},"author":5,"featured_media":0,"parent":0,"menu_order":0,"comment_status":"closed","ping_status":"closed","template":"","meta":{"site-container-style":"default","site-container-layout":"default","site-sidebar-layout":"default","disable-article-header":"default","disable-site-header":"default","disable-site-footer":"default","disable-content-area-spacing":"default","footnotes":""},"class_list":["post-43","page","type-page","status-publish","hentry"],"_links":{"self":[{"href":"https:\/\/bandmateproject.com\/index.php?rest_route=\/wp\/v2\/pages\/43","targetHints":{"allow":["GET"]}}],"collection":[{"href":"https:\/\/bandmateproject.com\/index.php?rest_route=\/wp\/v2\/pages"}],"about":[{"href":"https:\/\/bandmateproject.com\/index.php?rest_route=\/wp\/v2\/types\/page"}],"author":[{"embeddable":true,"href":"https:\/\/bandmateproject.com\/index.php?rest_route=\/wp\/v2\/users\/5"}],"replies":[{"embeddable":true,"href":"https:\/\/bandmateproject.com\/index.php?rest_route=%2Fwp%2Fv2%2Fcomments&post=43"}],"version-history":[{"count":1,"href":"https:\/\/bandmateproject.com\/index.php?rest_route=\/wp\/v2\/pages\/43\/revisions"}],"predecessor-version":[{"id":44,"href":"https:\/\/bandmateproject.com\/index.php?rest_route=\/wp\/v2\/pages\/43\/revisions\/44"}],"wp:attachment":[{"href":"https:\/\/bandmateproject.com\/index.php?rest_route=%2Fwp%2Fv2%2Fmedia&parent=43"}],"curies":[{"name":"wp","href":"https:\/\/api.w.org\/{rel}","templated":true}]}}